{"id":129,"date":"2023-05-25T13:44:56","date_gmt":"2023-05-25T13:44:56","guid":{"rendered":"https:\/\/terreapleinesmains.ch\/?page_id=129"},"modified":"2023-07-31T18:38:05","modified_gmt":"2023-07-31T18:38:05","slug":"accueil","status":"publish","type":"page","link":"https:\/\/terreapleinesmains.ch\/","title":{"rendered":"Accueil"},"content":{"rendered":"\n<h4 class=\"wp-block-heading has-text-align-center\">Atelier de modelage th\u00e9rapeutique<\/h4>\n\n\n\n<h3 class=\"wp-block-heading has-text-align-center coblocks-animate\" data-coblocks-animation=\"fadeIn\"><strong>Terre \u00e0 Pleines Mains<\/strong><\/h3>\n\n\n\n<div class=\"wp-block-media-text alignwide is-stacked-on-mobile\"><figure class=\"wp-block-media-text__media\"><img loading=\"lazy\" decoding=\"async\" width=\"1024\" height=\"614\" src=\"https:\/\/terreapleinesmains.ch\/wp-content\/uploads\/2023\/05\/cropped-mains-boule-3-1024x614.jpg\" alt=\"\" class=\"wp-image-53 size-full\" srcset=\"https:\/\/terreapleinesmains.ch\/wp-content\/uploads\/2023\/05\/cropped-mains-boule-3-1024x614.jpg 1024w, https:\/\/terreapleinesmains.ch\/wp-content\/uploads\/2023\/05\/cropped-mains-boule-3-300x180.jpg 300w, https:\/\/terreapleinesmains.ch\/wp-content\/uploads\/2023\/05\/cropped-mains-boule-3-768x461.jpg 768w, https:\/\/terreapleinesmains.ch\/wp-content\/uploads\/2023\/05\/cropped-mains-boule-3-1536x922.jpg 1536w, https:\/\/terreapleinesmains.ch\/wp-content\/uploads\/2023\/05\/cropped-mains-boule-3.jpg 2000w\" sizes=\"auto, (max-width: 1024px) 100vw, 1024px\" \/><\/figure><div class=\"wp-block-media-text__content\">\n<p>Franca Valceschini<\/p>\n\n\n\n<p>Art-Th\u00e9rapeute agr\u00e9\u00e9e ASCA &#8211; RME<\/p>\n\n\n\n<p>Rue du Centre 1 &#8211; 1820 Montreux<\/p>\n\n\n\n<p>079 531 95 20<\/p>\n<\/div><\/div>\n\n\n\n<h2 class=\"wp-block-heading\">L&rsquo;Art-Th\u00e9rapie<\/h2>\n\n\n\n<ul class=\"wp-block-list\">\n<li>nourrit le besoin humain de fantaisie, de r\u00e9alisation, d\u2019imagination<\/li>\n\n\n\n<li>peut aider toute personne \u00e0 traverser une p\u00e9riode difficile<\/li>\n\n\n\n<li>permet de renforcer sa capacit\u00e9 de r\u00e9silience<\/li>\n\n\n\n<li>l\u2019activit\u00e9 cr\u00e9atrice avive des forces de sant\u00e9.<\/li>\n<\/ul>\n\n\n\n<h2 class=\"wp-block-heading\">Modelage th\u00e9rapeutique<\/h2>\n\n\n\n<p>Tel que pratiqu\u00e9 dans mon atelier, ce moyen d\u2019expression est issu de l\u2019enseignement transmis par le sculpteur Raoul Ratnowsky, co- fondateur de la fili\u00e8re d\u2019art-th\u00e9rapie \u00e0 <a href=\"https:\/\/atka.ch\/studiengaenge\/plastikschule\/\">l\u2019Ecole d\u2019arts plastiques et visuels \u00ab&nbsp;Am Goetheanum&nbsp;\u00bb \u00e0 Dornach\/B\u00e2le<\/a>. Cet enseignement continue d\u2019\u00eatre d\u00e9velopp\u00e9 par les professeurs actifs dans cette m\u00eame \u00e9cole d\u2019art, notamment par Elke Dominik, doyenne.<\/p>\n\n\n\n<p>Le modelage th\u00e9rapeutique se pratique avec les mains et avec les pieds. Il active le sens du toucher, qui simultan\u00e9ment \u00e9veille d\u2019autres sens, tels que chaleur, mouvement, \u00e9quilibre, mais avant tout le sens du moi, n\u00e9cessaire \u00e0 l\u2019individu pour se d\u00e9velopper.<\/p>\n\n\n\n<p>Cette exp\u00e9rimentation, qui va au-del\u00e0 de la routine quotidienne, permet \u00e0 tout un chacun de saisir quelque chose de nouveau et de lui donner forme.<\/p>\n\n\n\n<p>Ce qui a \u00e9t\u00e9 mis en mouvement ext\u00e9rieurement va continuer de vivre int\u00e9rieurement et activer ses propres ressources, pour aller \u00e0 la d\u00e9couverte de ses capacit\u00e9s cr\u00e9atrices, tant sur le plan physique que psychique.<\/p>\n\n\n\n<p>Le modelage de la terre suscite la joie, la confiance dans ses propres actions, l\u2019\u00e9veil de la volont\u00e9 et des forces de vie, ordonn\u00e9es et renforc\u00e9es. C&rsquo;est ainsi que nous r\u00e9duisons les peurs, l&rsquo;agressivit\u00e9 et les tensions.<\/p>\n\n\n\n<h2 class=\"wp-block-heading\">L&rsquo;argile<\/h2>\n\n\n\n<p>La Terre nous fournit divers mat\u00e9riaux pour l&rsquo;activit\u00e9 artistique. L\u2019argile est une roche universelle, mall\u00e9able \u00e0 souhait lorsqu\u2019elle est m\u00e9lang\u00e9e \u00e0 l\u2019eau. Cette mati\u00e8re naturelle offre des possibilit\u00e9s de cr\u00e9ations infinies. De tous temps et dans toutes les cultures, les gens l\u2019ont utilis\u00e9e et l\u2019utilisent toujours encore, pour les besoins existentiels et pour s&rsquo;exprimer.<\/p>\n\n\n\n<h2 class=\"wp-block-heading\">Pour qui ?<\/h2>\n\n\n\n<p>Le modelage th\u00e9rapeutique s\u2019adresse \u00e0 tout le monde, enfants, adolescents, adultes. Il n\u2019est pas n\u00e9cessaire d\u2019avoir des aptitudes artistiques particuli\u00e8res pr\u00e9alables.<\/p>\n\n\n\n<p>Pratiqu\u00e9s en th\u00e9rapie individuelle, les exercices propos\u00e9s vont chercher \u00e0 r\u00e9pondre au besoin d\u2019\u00e9volution du moment, par exemple : s\u2019ancrer, se centrer, appr\u00e9cier la lenteur, mettre en \u0153uvre, oser transformer, clarifier, prendre du recul, se relier.<\/p>\n\n\n\n<p>Les enfants et adolescents appr\u00e9cient tout particuli\u00e8rement de toucher et transformer l\u2019argile. Par la joie, ils d\u00e9veloppent leur confiance en soi. Tout en structurant une forme, ils se construisent eux-m\u00eames. Cr\u00e9er un espace \u00e9quivaut \u00e0 prendre sa place, \u00e0 s\u2019affirmer.<\/p>\n\n\n\n<p>Pratiqu\u00e9 en groupe, le modelage permet l\u2019alternance entre la r\u00e9alisation de son propre champ et la mise en lien avec l\u2019entourage, en cr\u00e9ant des chemins, des ponts, des paysages, qui eux-m\u00eames deviennent source de nouvelles possibilit\u00e9s, \u00e0 concr\u00e9tiser ensemble.<\/p>\n\n\n\n<h2 class=\"wp-block-heading\">Pourquoi ?<\/h2>\n\n\n\n<p>Rester en bonne sant\u00e9 est une constante qu\u00eate d\u2019\u00e9quilibre entre le trop et le trop peu.<\/p>\n\n\n\n<p>Lorsque cet \u00e9quilibre est perturb\u00e9 sur le long terme, la maladie peut se manifester. Deux tendances sont alors observ\u00e9es&nbsp;: d\u2019une part la perturbation am\u00e8ne des blocages, des crispations, \u00ab&nbsp;quelque chose se fige&nbsp;\u00bb, d\u2019autre part elle induit le chaos, la dissolution, \u00ab&nbsp;tout est confus&nbsp;\u00bb.<\/p>\n\n\n\n<p>Dans le premier cas, le processus cr\u00e9atif va activer et remettre en mouvement ce qui s\u2019est cristallis\u00e9. Dans le deuxi\u00e8me cas, le modelage de formes va aider la personne \u00e0 se saisir, \u00e0 retrouver sa concentration.<\/p>\n\n\n\n<h2 class=\"wp-block-heading\">Comment ?<\/h2>\n\n\n\n<p>Dans mon atelier \u00ab Terre \u00e0 pleines mains&nbsp;\u00bb, je propose d\u2019utiliser diff\u00e9rentes consistances d\u2019argile, selon les forces \u00e0 disposition de chacun-e.<\/p>\n\n\n\n<p>De m\u00eame, les dimensions des travaux r\u00e9alis\u00e9s peuvent varier, allant de l\u2019\u0153uvre minutieuse r\u00e9alis\u00e9e au creux de la main, jusqu\u2019au relief vertical de plus d\u2019un m\u00e8tre.<\/p>\n\n\n\n<p>En g\u00e9n\u00e9ral, les r\u00e9alisations sont \u00e9ph\u00e9m\u00e8res, l\u2019accent \u00e9tant mis sur le processus, sur le ressenti et le v\u00e9cu du moment pr\u00e9sent.<\/p>\n\n\n\n<figure class=\"wp-block-gallery has-nested-images columns-default is-cropped wp-block-gallery-1 is-layout-flex wp-block-gallery-is-layout-flex\">\n<figure class=\"wp-block-image size-large\"><img loading=\"lazy\" decoding=\"async\" width=\"768\" height=\"1024\" data-id=\"72\" src=\"https:\/\/terreapleinesmains.ch\/wp-content\/uploads\/2023\/05\/photo-1.jpg\" alt=\"\" class=\"wp-image-72\" srcset=\"https:\/\/terreapleinesmains.ch\/wp-content\/uploads\/2023\/05\/photo-1.jpg 768w, https:\/\/terreapleinesmains.ch\/wp-content\/uploads\/2023\/05\/photo-1-225x300.jpg 225w\" sizes=\"auto, (max-width: 768px) 100vw, 768px\" \/><\/figure>\n\n\n\n<figure class=\"wp-block-image size-large\"><img loading=\"lazy\" decoding=\"async\" width=\"768\" height=\"1024\" data-id=\"75\" src=\"https:\/\/terreapleinesmains.ch\/wp-content\/uploads\/2023\/05\/photo-2-768x1024.jpg\" alt=\"\" class=\"wp-image-75\" srcset=\"https:\/\/terreapleinesmains.ch\/wp-content\/uploads\/2023\/05\/photo-2-768x1024.jpg 768w, https:\/\/terreapleinesmains.ch\/wp-content\/uploads\/2023\/05\/photo-2-225x300.jpg 225w, https:\/\/terreapleinesmains.ch\/wp-content\/uploads\/2023\/05\/photo-2-1152x1536.jpg 1152w, https:\/\/terreapleinesmains.ch\/wp-content\/uploads\/2023\/05\/photo-2-1536x2048.jpg 1536w, https:\/\/terreapleinesmains.ch\/wp-content\/uploads\/2023\/05\/photo-2-2000x2667.jpg 2000w, https:\/\/terreapleinesmains.ch\/wp-content\/uploads\/2023\/05\/photo-2-scaled.jpg 1920w\" sizes=\"auto, (max-width: 768px) 100vw, 768px\" \/><\/figure>\n\n\n\n<figure class=\"wp-block-image size-large\"><img loading=\"lazy\" decoding=\"async\" width=\"1024\" height=\"768\" data-id=\"77\" src=\"https:\/\/terreapleinesmains.ch\/wp-content\/uploads\/2023\/05\/photo-3-1024x768.jpg\" alt=\"\" class=\"wp-image-77\" srcset=\"https:\/\/terreapleinesmains.ch\/wp-content\/uploads\/2023\/05\/photo-3-1024x768.jpg 1024w, https:\/\/terreapleinesmains.ch\/wp-content\/uploads\/2023\/05\/photo-3-300x225.jpg 300w, https:\/\/terreapleinesmains.ch\/wp-content\/uploads\/2023\/05\/photo-3-768x576.jpg 768w, https:\/\/terreapleinesmains.ch\/wp-content\/uploads\/2023\/05\/photo-3-1536x1152.jpg 1536w, https:\/\/terreapleinesmains.ch\/wp-content\/uploads\/2023\/05\/photo-3-2048x1536.jpg 2048w, https:\/\/terreapleinesmains.ch\/wp-content\/uploads\/2023\/05\/photo-3-2000x1500.jpg 2000w\" sizes=\"auto, (max-width: 1024px) 100vw, 1024px\" \/><\/figure>\n\n\n\n<figure class=\"wp-block-image size-large\"><img loading=\"lazy\" decoding=\"async\" width=\"768\" height=\"1024\" data-id=\"76\" src=\"https:\/\/terreapleinesmains.ch\/wp-content\/uploads\/2023\/05\/photo-7-768x1024.jpg\" alt=\"\" class=\"wp-image-76\" srcset=\"https:\/\/terreapleinesmains.ch\/wp-content\/uploads\/2023\/05\/photo-7-768x1024.jpg 768w, https:\/\/terreapleinesmains.ch\/wp-content\/uploads\/2023\/05\/photo-7-225x300.jpg 225w, https:\/\/terreapleinesmains.ch\/wp-content\/uploads\/2023\/05\/photo-7-1152x1536.jpg 1152w, https:\/\/terreapleinesmains.ch\/wp-content\/uploads\/2023\/05\/photo-7-1536x2048.jpg 1536w, https:\/\/terreapleinesmains.ch\/wp-content\/uploads\/2023\/05\/photo-7-2000x2667.jpg 2000w, https:\/\/terreapleinesmains.ch\/wp-content\/uploads\/2023\/05\/photo-7-scaled.jpg 1920w\" sizes=\"auto, (max-width: 768px) 100vw, 768px\" \/><\/figure>\n\n\n\n<figure class=\"wp-block-image size-large\"><img loading=\"lazy\" decoding=\"async\" width=\"657\" height=\"1024\" data-id=\"74\" src=\"https:\/\/terreapleinesmains.ch\/wp-content\/uploads\/2023\/05\/photo-12-657x1024.jpg\" alt=\"\" class=\"wp-image-74\" srcset=\"https:\/\/terreapleinesmains.ch\/wp-content\/uploads\/2023\/05\/photo-12-657x1024.jpg 657w, https:\/\/terreapleinesmains.ch\/wp-content\/uploads\/2023\/05\/photo-12-192x300.jpg 192w, https:\/\/terreapleinesmains.ch\/wp-content\/uploads\/2023\/05\/photo-12-768x1198.jpg 768w, https:\/\/terreapleinesmains.ch\/wp-content\/uploads\/2023\/05\/photo-12-985x1536.jpg 985w, https:\/\/terreapleinesmains.ch\/wp-content\/uploads\/2023\/05\/photo-12-1313x2048.jpg 1313w, https:\/\/terreapleinesmains.ch\/wp-content\/uploads\/2023\/05\/photo-12-2000x3120.jpg 2000w, https:\/\/terreapleinesmains.ch\/wp-content\/uploads\/2023\/05\/photo-12-scaled.jpg 1641w\" sizes=\"auto, (max-width: 657px) 100vw, 657px\" \/><\/figure>\n\n\n\n<figure class=\"wp-block-image size-large\"><img loading=\"lazy\" decoding=\"async\" width=\"1024\" height=\"694\" data-id=\"78\" src=\"https:\/\/terreapleinesmains.ch\/wp-content\/uploads\/2023\/05\/photo-13-1024x694.jpg\" alt=\"\" class=\"wp-image-78\" srcset=\"https:\/\/terreapleinesmains.ch\/wp-content\/uploads\/2023\/05\/photo-13-1024x694.jpg 1024w, https:\/\/terreapleinesmains.ch\/wp-content\/uploads\/2023\/05\/photo-13-300x203.jpg 300w, https:\/\/terreapleinesmains.ch\/wp-content\/uploads\/2023\/05\/photo-13-768x521.jpg 768w, https:\/\/terreapleinesmains.ch\/wp-content\/uploads\/2023\/05\/photo-13-1536x1041.jpg 1536w, https:\/\/terreapleinesmains.ch\/wp-content\/uploads\/2023\/05\/photo-13-2048x1388.jpg 2048w, https:\/\/terreapleinesmains.ch\/wp-content\/uploads\/2023\/05\/photo-13-2000x1356.jpg 2000w\" sizes=\"auto, (max-width: 1024px) 100vw, 1024px\" \/><\/figure>\n<\/figure>\n\n\n\n<h2 class=\"wp-block-heading\">Th\u00e9rapeute<\/h2>\n\n\n\n<p>Apr\u00e8s 35 ann\u00e9es de vie professionnelle dans le domaine administratif et parall\u00e8lement des loisirs orient\u00e9s vers la nature, les plantes, les couleurs, mon chemin m\u2019a conduite \u00e0 d\u00e9couvrir la sculpture sur pierre.<\/p>\n\n\n\n<p>D\u2019abord une activit\u00e9 de temps libre, la sculpture sur pierre, puis la sculpture sur bois et le modelage sont devenus les branches principales que j\u2019ai pu exercer durant plus de 4 ans dans le cadre de l\u2019\u00e9cole d\u2019arts plastiques et visuels \u00ab&nbsp;Am Goetheanum&nbsp;\u00bb \u00e0 Dornach, qui fait partie de l\u2019Acad\u00e9mie anthroposophique pour l\u2019art et la th\u00e9rapie (<a href=\"https:\/\/atka.ch\">atka<\/a>).<\/p>\n\n\n\n<p>Ma formation dipl\u00f4mante termin\u00e9e en 2020, je suis depuis lors active comme art-th\u00e9rapeute \u00e0 temps partiel dans une institution de la r\u00e9gion de Montreux, qui accompagne des jeunes dans leur chemin d\u2019insertion sociale et dans le monde du travail.<\/p>\n\n\n\n<p>Je continue d\u2019apprendre par des cours de formation continue et par des intervisions entre coll\u00e8gues.<\/p>\n\n\n\n<p>Depuis 2023, j\u2019ai le plaisir de vous accueillir dans mon atelier Terre \u00e0 pleines mains \u00e0 Montreux.<\/p>\n\n\n\n<figure class=\"wp-block-image size-large\"><img loading=\"lazy\" decoding=\"async\" width=\"869\" height=\"1024\" src=\"https:\/\/terreapleinesmains.ch\/wp-content\/uploads\/2023\/05\/photo-6-1-869x1024.jpg\" alt=\"\" class=\"wp-image-71\" srcset=\"https:\/\/terreapleinesmains.ch\/wp-content\/uploads\/2023\/05\/photo-6-1-869x1024.jpg 869w, https:\/\/terreapleinesmains.ch\/wp-content\/uploads\/2023\/05\/photo-6-1-255x300.jpg 255w, https:\/\/terreapleinesmains.ch\/wp-content\/uploads\/2023\/05\/photo-6-1-768x905.jpg 768w, https:\/\/terreapleinesmains.ch\/wp-content\/uploads\/2023\/05\/photo-6-1-1304x1536.jpg 1304w, https:\/\/terreapleinesmains.ch\/wp-content\/uploads\/2023\/05\/photo-6-1-1739x2048.jpg 1739w, https:\/\/terreapleinesmains.ch\/wp-content\/uploads\/2023\/05\/photo-6-1-2000x2356.jpg 2000w\" sizes=\"auto, (max-width: 869px) 100vw, 869px\" \/><\/figure>\n\n\n\n<h2 class=\"wp-block-heading\">Tarif<\/h2>\n\n\n\n<p>CHF 90.- \/ heure en individuel<\/p>\n\n\n\n<p>S\u00e9ances de groupe 2-3 personnes&nbsp;: 40 CHF\/heure<\/p>\n\n\n\n<p>Agr\u00e9gation ASCA \u2013 RME &#8211; EGK<\/p>\n\n\n\n<p>La plupart des assurances compl\u00e9mentaires prennent en charge tout ou partie des co\u00fbts de la th\u00e9rapie. Veuillez vous renseigner au pr\u00e9alable aupr\u00e8s de votre assurance compl\u00e9mentaire.<\/p>\n\n\n\n<h2 class=\"wp-block-heading\">Contact<\/h2>\n\n\n\n<p>Adresse de l\u2019atelier&nbsp;: Rue du Centre 1 (Cour Nord) \u2013 1820 Montreux<\/p>\n\n\n\n<p>L\u2019atelier est situ\u00e9 \u00e0 2 minutes \u00e0 pied de la gare de Montreux.<br>L\u2019acc\u00e8s se fait en contournant la r\u00e9sidence Rosemont, l\u2019atelier est situ\u00e9 au fond de la cour derri\u00e8re la maison.<\/p>\n\n\n\n<figure class=\"wp-block-image size-large\"><img loading=\"lazy\" decoding=\"async\" width=\"1024\" height=\"720\" src=\"https:\/\/terreapleinesmains.ch\/wp-content\/uploads\/2023\/07\/plan_ok-1024x720.jpg\" alt=\"\" class=\"wp-image-145\" srcset=\"https:\/\/terreapleinesmains.ch\/wp-content\/uploads\/2023\/07\/plan_ok-1024x720.jpg 1024w, https:\/\/terreapleinesmains.ch\/wp-content\/uploads\/2023\/07\/plan_ok-300x211.jpg 300w, https:\/\/terreapleinesmains.ch\/wp-content\/uploads\/2023\/07\/plan_ok-768x540.jpg 768w, https:\/\/terreapleinesmains.ch\/wp-content\/uploads\/2023\/07\/plan_ok.jpg 1173w\" sizes=\"auto, (max-width: 1024px) 100vw, 1024px\" \/><\/figure>\n\n\n\n<p>Adresse administrative&nbsp;: Franca Valceschini \u2013 Chemin de la Tour-Grise 16 \u2013 1007 Lausanne<\/p>\n\n\n\n<p>Rendez-vous&nbsp;: par t\u00e9l\u00e9phone au 079 531 95 20 ou par mail <a href=\"mailto:info@terreapleinesmains.ch\">info@terreapleinesmains.ch<\/a><\/p>\n\n\n\n<p>Si vous avez des questions ou si vous d\u00e9sirez visiter l\u2019atelier sans engagement, n\u2019h\u00e9sitez pas \u00e0 me contacter ou \u00e0 me laisser un message sur mon r\u00e9pondeur, je vous rappellerai.<\/p>\n","protected":false},"excerpt":{"rendered":"<p>Atelier de modelage th\u00e9rapeutique Terre \u00e0 Pleines Mains Franca Valceschini Art-Th\u00e9rapeute agr\u00e9\u00e9e ASCA &#8211; RME Rue du Centre 1 &#8211; 1820 Montreux 079 531 95 20 L&rsquo;Art-Th\u00e9rapie Modelage th\u00e9rapeutique Tel que pratiqu\u00e9 dans mon atelier, ce moyen d\u2019expression est issu de l\u2019enseignement transmis par le sculpteur Raoul Ratnowsky, co- fondateur de la fili\u00e8re d\u2019art-th\u00e9rapie \u00e0 [&hellip;]<\/p>\n","protected":false},"author":1,"featured_media":0,"parent":0,"menu_order":0,"comment_status":"closed","ping_status":"closed","template":"","meta":{"_coblocks_attr":"","_coblocks_dimensions":"","_coblocks_responsive_height":"","_coblocks_accordion_ie_support":"","hide_page_title":"","footnotes":""},"class_list":["post-129","page","type-page","status-publish","hentry"],"_links":{"self":[{"href":"https:\/\/terreapleinesmains.ch\/index.php?rest_route=\/wp\/v2\/pages\/129","targetHints":{"allow":["GET"]}}],"collection":[{"href":"https:\/\/terreapleinesmains.ch\/index.php?rest_route=\/wp\/v2\/pages"}],"about":[{"href":"https:\/\/terreapleinesmains.ch\/index.php?rest_route=\/wp\/v2\/types\/page"}],"author":[{"embeddable":true,"href":"https:\/\/terreapleinesmains.ch\/index.php?rest_route=\/wp\/v2\/users\/1"}],"replies":[{"embeddable":true,"href":"https:\/\/terreapleinesmains.ch\/index.php?rest_route=%2Fwp%2Fv2%2Fcomments&post=129"}],"version-history":[{"count":6,"href":"https:\/\/terreapleinesmains.ch\/index.php?rest_route=\/wp\/v2\/pages\/129\/revisions"}],"predecessor-version":[{"id":146,"href":"https:\/\/terreapleinesmains.ch\/index.php?rest_route=\/wp\/v2\/pages\/129\/revisions\/146"}],"wp:attachment":[{"href":"https:\/\/terreapleinesmains.ch\/index.php?rest_route=%2Fwp%2Fv2%2Fmedia&parent=129"}],"curies":[{"name":"wp","href":"https:\/\/api.w.org\/{rel}","templated":true}]}}